{"id":15026,"date":"2025-12-06T16:25:54","date_gmt":"2025-12-06T16:25:54","guid":{"rendered":"https:\/\/olivedrab-squirrel-592589.hostingersite.com\/?page_id=15026"},"modified":"2026-05-10T09:44:12","modified_gmt":"2026-05-10T09:44:12","slug":"destinations","status":"publish","type":"page","link":"https:\/\/test.egyptbookingonline.com\/de\/destinations\/","title":{"rendered":"Urlaubsziele"},"content":{"rendered":"<div data-elementor-type=\"wp-page\" data-elementor-id=\"15026\" class=\"elementor elementor-15026\">\n\t\t\t\t\t\t<section class=\"elementor-section elementor-top-section elementor-element elementor-element-f84c091 elementor-section-height-min-height elementor-section-boxed elementor-section-height-default elementor-section-items-middle\" data-id=\"f84c091\" data-element_type=\"section\" data-e-type=\"section\" data-settings=\"{&quot;background_background&quot;:&quot;classic&quot;}\">\n\t\t\t\t\t\t\t<div class=\"elementor-background-overlay\"><\/div>\n\t\t\t\t\t\t\t<div class=\"elementor-container elementor-column-gap-default\">\n\t\t\t\t\t<div class=\"elementor-column elementor-col-100 elementor-top-column elementor-element elementor-element-c29c097\" data-id=\"c29c097\" data-element_type=\"column\" data-e-type=\"column\">\n\t\t\t<div class=\"elementor-widget-wrap elementor-element-populated\">\n\t\t\t\t\t\t<div class=\"elementor-element elementor-element-423ac8f elementor-widget elementor-widget-heading\" data-id=\"423ac8f\" data-element_type=\"widget\" data-e-type=\"widget\" data-widget_type=\"heading.default\">\n\t\t\t\t<div class=\"elementor-widget-container\">\n\t\t\t\t\t<h2 class=\"elementor-heading-title elementor-size-default\">Urlaubsziele<\/h2>\t\t\t\t<\/div>\n\t\t\t\t<\/div>\n\t\t\t\t\t<\/div>\n\t\t<\/div>\n\t\t\t\t\t<\/div>\n\t\t<\/section>\n\t\t\t\t<section class=\"elementor-section elementor-top-section elementor-element elementor-element-31b15c2 elementor-section-full_width elementor-section-height-default elementor-section-height-default\" data-id=\"31b15c2\" data-element_type=\"section\" data-e-type=\"section\">\n\t\t\t\t\t\t<div class=\"elementor-container elementor-column-gap-no\">\n\t\t\t\t\t<div class=\"elementor-column elementor-col-100 elementor-top-column elementor-element elementor-element-590db55\" data-id=\"590db55\" data-element_type=\"column\" data-e-type=\"column\">\n\t\t\t<div class=\"elementor-widget-wrap elementor-element-populated\">\n\t\t\t\t\t\t<div class=\"elementor-element elementor-element-a963398 elementor-widget elementor-widget-elementor-news-ticker\" data-id=\"a963398\" data-element_type=\"widget\" data-e-type=\"widget\" data-widget_type=\"elementor-news-ticker.default\">\n\t\t\t\t<div class=\"elementor-widget-container\">\n\t\t\t\t\t\t\t<div class=\"news-ticker-wrap\">\t\t\t \n\t\t\t<div class=\"fd-elementor-news-ticker\" id=\"fd-ticker-a963398\" data-speed=\"50\">\n\t\t\t\t\t\t\t\t<a  class=\"top-heading news-item-a963398\" href=\"https:\/\/test.egyptbookingonline.com\/de\/st_location\/egypt\/cairo\/\"> Kairo<\/a>\n\t\t            \t\t\t\t\t\t<span class=\"news-item-a963398 sep_text\">|<\/span>\n\t\t\t\t    \t\t\t\t\t<a  class=\"top-heading news-item-a963398\" href=\"https:\/\/test.egyptbookingonline.com\/de\/st_location\/egypt\/luxor\/\"> Luxor<\/a>\n\t\t            \t\t\t\t\t\t<span class=\"news-item-a963398 sep_text\">|<\/span>\n\t\t\t\t    \t\t\t\t\t<a  class=\"top-heading news-item-a963398\" href=\"https:\/\/test.egyptbookingonline.com\/de\/st_location\/egypt\/sahl-hasheesh\/\"> Sahl Hasheesh<\/a>\n\t\t            \t\t\t\t\t\t<span class=\"news-item-a963398 sep_text\">|<\/span>\n\t\t\t\t    \t\t\t\t\t<a  class=\"top-heading news-item-a963398\" href=\"https:\/\/test.egyptbookingonline.com\/de\/st_location\/egypt\/marsa-alam\/\"> Marsa Alam<\/a>\n\t\t            \t\t\t\t\t\t<span class=\"news-item-a963398 sep_text\">|<\/span>\n\t\t\t\t    \t\t\t\t\t<a  class=\"top-heading news-item-a963398\" href=\"https:\/\/test.egyptbookingonline.com\/de\/st_location\/egypt\/el-gouna\/\"> El Gouna<\/a>\n\t\t            \t\t\t\t\t\t<span class=\"news-item-a963398 sep_text\">|<\/span>\n\t\t\t\t    \t\t\t\t\t<a  class=\"top-heading news-item-a963398\" href=\"https:\/\/test.egyptbookingonline.com\/de\/st_location\/egypt\/hurghada\/\"> Hurghada<\/a>\n\t\t            \t\t\t\t\t\t<span class=\"news-item-a963398 sep_text\">|<\/span>\n\t\t\t\t    \t\t\t\t\t<a  class=\"top-heading news-item-a963398\" href=\"https:\/\/test.egyptbookingonline.com\/de\/st_location\/egypt\/\"> \u00c4gypten<\/a>\n\t\t            \t\t\t\t\t\t<span class=\"news-item-a963398 sep_text\">|<\/span>\n\t\t\t\t    \t\t\t<\/div>\t\t\t\n        <\/div>\n        \t\t<script>\n\t\t\tjQuery(document).ready(function($) {\n\t\t\t\tjQuery(\"#fd-ticker-a963398\").ticker({\n\t\t\t\t\tspeed:50,\n\t\t\t\t\tpauseOnHover:!0,\n\t\t\t\t\titem:\".news-item-a963398\"\n\t\t\t\t}).data(\"ticker\");\n\t\t\t}); \n\t\t<\/script>\n\t\t\t\t\t\t<\/div>\n\t\t\t\t<\/div>\n\t\t\t\t\t<\/div>\n\t\t<\/div>\n\t\t\t\t\t<\/div>\n\t\t<\/section>\n\t\t\t\t<section class=\"elementor-section elementor-top-section elementor-element elementor-element-8663d93 elementor-section-boxed elementor-section-height-default elementor-section-height-default\" data-id=\"8663d93\" data-element_type=\"section\" data-e-type=\"section\">\n\t\t\t\t\t\t<div class=\"elementor-container elementor-column-gap-default\">\n\t\t\t\t\t<div class=\"elementor-column elementor-col-100 elementor-top-column elementor-element elementor-element-939267a\" data-id=\"939267a\" data-element_type=\"column\" data-e-type=\"column\">\n\t\t\t<div class=\"elementor-widget-wrap elementor-element-populated\">\n\t\t\t\t\t\t<div class=\"elementor-element elementor-element-31664c4 elementor-widget elementor-widget-heading\" data-id=\"31664c4\" data-element_type=\"widget\" data-e-type=\"widget\" data-widget_type=\"heading.default\">\n\t\t\t\t<div class=\"elementor-widget-container\">\n\t\t\t\t\t<h2 class=\"elementor-heading-title elementor-size-default\">Reiseziele in der N\u00e4he von aegypten<\/h2>\t\t\t\t<\/div>\n\t\t\t\t<\/div>\n\t\t\t\t<div class=\"elementor-element elementor-element-65d08d5 elementor-widget elementor-widget-text-editor\" data-id=\"65d08d5\" data-element_type=\"widget\" data-e-type=\"widget\" data-widget_type=\"text-editor.default\">\n\t\t\t\t<div class=\"elementor-widget-container\">\n\t\t\t\t\t\t\t\t\t<p data-start=\"159\" data-end=\"1073\">\u00c4gypten ist ein Land mit faszinierender Geschichte und Kultur, das mit seinen antiken Denkm\u00e4lern und seiner einzigartigen Zivilisation Besucher aus aller Welt anzieht. Die Hauptattraktionen sind die Pyramiden von Gizeh, die Gro\u00dfe Sphinx und unz\u00e4hlige Tempel und Gr\u00e4ber im ganzen Land, die von der tausendj\u00e4hrigen Geschichte der Pharaonen zeugen. Neben den Denkm\u00e4lern bietet \u00c4gypten auch eine lebendige Kultur - traditionelle Basare mit Gew\u00fcrzen, Lederwaren, Kaffee und Schmuck, auf denen Sie die authentische Atmosph\u00e4re des lokalen Lebens erleben k\u00f6nnen. Besucher besuchen oft Kairo, die Hauptstadt mit modernen und historischen Teilen, und Luxor, bekannt als das gr\u00f6\u00dfte Freilichtmuseum der Welt, in dem sich das Tal der K\u00f6nige und der Luxor-Tempel befinden. \u00c4gypten ist auch ein Zentrum der islamischen und koptischen Kultur mit Moscheen und Kirchen, die dem Land eine spirituelle Vielfalt verleihen. Die Einheimischen sind bekannt f\u00fcr ihre Gastfreundschaft und ihre freundliche Einstellung gegen\u00fcber Touristen, was das Reisen durch das Land angenehm und sicher macht.<\/p>\t\t\t\t\t\t\t\t<\/div>\n\t\t\t\t<\/div>\n\t\t\t\t<div class=\"elementor-element elementor-element-2002530 elementor-widget elementor-widget-st_destination\" data-id=\"2002530\" data-element_type=\"widget\" data-e-type=\"widget\" data-settings=\"{&quot;layout_style&quot;:&quot;normal&quot;}\" data-widget_type=\"st_destination.default\">\n\t\t\t\t<div class=\"elementor-widget-container\">\n\t\t\t\t\t    <div class=\"row st-list-destination normal middle normal\">\r\n                <div class=\"col-12 col-sm-6 col-md-6 col-lg-4 col-xl-4 normal-item\">\r\n                <div class=\"destination-item\">\r\n                    <div class=\"image st-border-radius\">\r\n                                                <a class=\"st-link\" href=\"https:\/\/test.egyptbookingonline.com\/de\/st_location\/egypt\/hurghada\/\">\r\n                            <img decoding=\"async\" src=\"https:\/\/test.egyptbookingonline.com\/wp-content\/uploads\/2025\/11\/HurghadaPrivateCitySightseeingtourwithGuideandShoppingStops-1.jpg\" alt = \"Hurghada\"\r\n                                    class=\"img-responsive\">\r\n                        <\/a>\r\n                        <div class=\"content\">\r\n                            <h3 class=\"title\">\r\n                                <a href=\"https:\/\/test.egyptbookingonline.com\/de\/st_location\/egypt\/hurghada\/\">\r\n                                    Hurghada                                <\/a>\r\n                            <\/h3>\r\n                            <div class=\"desc d-flex align-items-center justify-content-center flex-wrap multi\"><a href=\"https:\/\/test.egyptbookingonline.com\/de\/activity-search-sidebar\/?location_name=Hurghada&#038;location_id=14433\">35 Activities<\/a><a href=\"https:\/\/test.egyptbookingonline.com\/de\/hotels\/?location_name=Hurghada&#038;location_id=14433\">1 Hotel<\/a><\/div>                        <\/div>\r\n                    <\/div>\r\n                <\/div>\r\n            <\/div>\r\n                        <div class=\"col-12 col-sm-6 col-md-6 col-lg-4 col-xl-4 normal-item\">\r\n                <div class=\"destination-item\">\r\n                    <div class=\"image st-border-radius\">\r\n                                                <a class=\"st-link\" href=\"https:\/\/test.egyptbookingonline.com\/de\/st_location\/egypt\/el-gouna\/\">\r\n                            <img decoding=\"async\" src=\"https:\/\/test.egyptbookingonline.com\/wp-content\/uploads\/2025\/11\/27-scaled.jpg\" alt = \"El Gouna\"\r\n                                    class=\"img-responsive\">\r\n                        <\/a>\r\n                        <div class=\"content\">\r\n                            <h3 class=\"title\">\r\n                                <a href=\"https:\/\/test.egyptbookingonline.com\/de\/st_location\/egypt\/el-gouna\/\">\r\n                                    El Gouna                                <\/a>\r\n                            <\/h3>\r\n                            <div class=\"desc d-flex align-items-center justify-content-center flex-wrap multi\"><a href=\"https:\/\/test.egyptbookingonline.com\/de\/activity-search-sidebar\/?location_name=El%20Gouna&#038;location_id=14435\">34 Activities<\/a><\/div>                        <\/div>\r\n                    <\/div>\r\n                <\/div>\r\n            <\/div>\r\n                        <div class=\"col-12 col-sm-6 col-md-6 col-lg-4 col-xl-4 normal-item\">\r\n                <div class=\"destination-item\">\r\n                    <div class=\"image st-border-radius\">\r\n                                                <a class=\"st-link\" href=\"https:\/\/test.egyptbookingonline.com\/de\/st_location\/egypt\/sahl-hasheesh\/\">\r\n                            <img decoding=\"async\" src=\"https:\/\/test.egyptbookingonline.com\/wp-content\/uploads\/2025\/11\/609048641.jpg\" alt = \"Sahl Hasheesh\"\r\n                                    class=\"img-responsive\">\r\n                        <\/a>\r\n                        <div class=\"content\">\r\n                            <h3 class=\"title\">\r\n                                <a href=\"https:\/\/test.egyptbookingonline.com\/de\/st_location\/egypt\/sahl-hasheesh\/\">\r\n                                    Sahl Hasheesh                                <\/a>\r\n                            <\/h3>\r\n                            <div class=\"desc d-flex align-items-center justify-content-center flex-wrap multi\"><a href=\"https:\/\/test.egyptbookingonline.com\/de\/activity-search-sidebar\/?location_name=Sahl%20Hasheesh&#038;location_id=14439\">34 Activities<\/a><\/div>                        <\/div>\r\n                    <\/div>\r\n                <\/div>\r\n            <\/div>\r\n                        <div class=\"col-12 col-sm-6 col-md-6 col-lg-4 col-xl-4 normal-item\">\r\n                <div class=\"destination-item\">\r\n                    <div class=\"image st-border-radius\">\r\n                                                <a class=\"st-link\" href=\"https:\/\/test.egyptbookingonline.com\/de\/st_location\/egypt\/cairo\/\">\r\n                            <img decoding=\"async\" src=\"https:\/\/test.egyptbookingonline.com\/wp-content\/uploads\/2025\/11\/caption-3-1.jpg\" alt = \"Kairo\"\r\n                                    class=\"img-responsive\">\r\n                        <\/a>\r\n                        <div class=\"content\">\r\n                            <h3 class=\"title\">\r\n                                <a href=\"https:\/\/test.egyptbookingonline.com\/de\/st_location\/egypt\/cairo\/\">\r\n                                    Kairo                                <\/a>\r\n                            <\/h3>\r\n                            <div class=\"desc d-flex align-items-center justify-content-center flex-wrap multi\"><a href=\"https:\/\/test.egyptbookingonline.com\/de\/activity-search-sidebar\/?location_name=Cairo&#038;location_id=14443\">8 Activities<\/a><\/div>                        <\/div>\r\n                    <\/div>\r\n                <\/div>\r\n            <\/div>\r\n                        <div class=\"col-12 col-sm-6 col-md-6 col-lg-4 col-xl-4 normal-item\">\r\n                <div class=\"destination-item\">\r\n                    <div class=\"image st-border-radius\">\r\n                                                <a class=\"st-link\" href=\"https:\/\/test.egyptbookingonline.com\/de\/st_location\/egypt\/luxor\/\">\r\n                            <img decoding=\"async\" src=\"https:\/\/test.egyptbookingonline.com\/wp-content\/uploads\/2025\/11\/Visit-Luxor-A-World-Heritage-Cite-1.jpg\" alt = \"Luxor\"\r\n                                    class=\"img-responsive\">\r\n                        <\/a>\r\n                        <div class=\"content\">\r\n                            <h3 class=\"title\">\r\n                                <a href=\"https:\/\/test.egyptbookingonline.com\/de\/st_location\/egypt\/luxor\/\">\r\n                                    Luxor                                <\/a>\r\n                            <\/h3>\r\n                            <div class=\"desc d-flex align-items-center justify-content-center flex-wrap multi\"><a href=\"https:\/\/test.egyptbookingonline.com\/de\/activity-search-sidebar\/?location_name=Luxor&#038;location_id=14441\">5 Activities<\/a><\/div>                        <\/div>\r\n                    <\/div>\r\n                <\/div>\r\n            <\/div>\r\n                        <div class=\"col-12 col-sm-6 col-md-6 col-lg-4 col-xl-4 normal-item\">\r\n                <div class=\"destination-item\">\r\n                    <div class=\"image st-border-radius\">\r\n                                                <a class=\"st-link\" href=\"https:\/\/test.egyptbookingonline.com\/de\/st_location\/egypt\/marsa-alam\/\">\r\n                            <img decoding=\"async\" src=\"https:\/\/test.egyptbookingonline.com\/wp-content\/uploads\/2025\/11\/Turtle-Snorkeling-waikiki-2.jpeg\" alt = \"Marsa Alam\"\r\n                                    class=\"img-responsive\">\r\n                        <\/a>\r\n                        <div class=\"content\">\r\n                            <h3 class=\"title\">\r\n                                <a href=\"https:\/\/test.egyptbookingonline.com\/de\/st_location\/egypt\/marsa-alam\/\">\r\n                                    Marsa Alam                                <\/a>\r\n                            <\/h3>\r\n                            <div class=\"desc d-flex align-items-center justify-content-center flex-wrap multi\"><a href=\"https:\/\/test.egyptbookingonline.com\/de\/activity-search-sidebar\/?location_name=Marsa%20Alam&#038;location_id=14437\">3 Activities<\/a><\/div>                        <\/div>\r\n                    <\/div>\r\n                <\/div>\r\n            <\/div>\r\n                <\/div>\t\t\t\t<\/div>\n\t\t\t\t<\/div>\n\t\t\t\t\t<\/div>\n\t\t<\/div>\n\t\t\t\t\t<\/div>\n\t\t<\/section>\n\t\t\t\t<\/div>","protected":false},"excerpt":{"rendered":"<p>Destinations Cairo | Luxor | Sahl Hasheesh | Marsa Alam | El Gouna | Hurghada | Egypt | Top destinations in egypt Egypt is a country of fascinating history and culture, attracting visitors from all over the world with its ancient monuments and unique civilization. The main attractions are the Pyramids of Giza, the Great [&hellip;]<\/p>\n","protected":false},"author":1,"featured_media":0,"parent":0,"menu_order":0,"comment_status":"closed","ping_status":"closed","template":"elementor_header_footer","meta":{"footnotes":""},"class_list":["post-15026","page","type-page","status-publish","has-post-thumbnail","hentry"],"yoast_head":"<!-- This site is optimized with the Yoast SEO plugin v27.6 - https:\/\/yoast.com\/product\/yoast-seo-wordpress\/ -->\n<title>Destinations - Egypt Booking Online<\/title>\n<meta name=\"robots\" content=\"index, follow, max-snippet:-1, max-image-preview:large, max-video-preview:-1\" \/>\n<link rel=\"canonical\" href=\"https:\/\/test.egyptbookingonline.com\/de\/destinations\/\" \/>\n<meta property=\"og:locale\" content=\"de_DE\" \/>\n<meta property=\"og:type\" content=\"article\" \/>\n<meta property=\"og:title\" content=\"Destinations - Egypt Booking Online\" \/>\n<meta property=\"og:description\" content=\"Destinations Cairo | Luxor | Sahl Hasheesh | Marsa Alam | El Gouna | Hurghada | Egypt | Top destinations in egypt Egypt is a country of fascinating history and culture, attracting visitors from all over the world with its ancient monuments and unique civilization. The main attractions are the Pyramids of Giza, the Great [&hellip;]\" \/>\n<meta property=\"og:url\" content=\"https:\/\/test.egyptbookingonline.com\/de\/destinations\/\" \/>\n<meta property=\"og:site_name\" content=\"Egypt Booking Online\" \/>\n<meta property=\"article:publisher\" content=\"https:\/\/www.facebook.com\/profile.php?id=61578852911007\" \/>\n<meta property=\"article:modified_time\" content=\"2026-05-10T09:44:12+00:00\" \/>\n<meta property=\"og:image\" content=\"https:\/\/test.egyptbookingonline.com\/wp-content\/uploads\/2025\/11\/HurghadaPrivateCitySightseeingtourwithGuideandShoppingStops-1.jpg\" \/>\n<meta name=\"twitter:card\" content=\"summary_large_image\" \/>\n<meta name=\"twitter:label1\" content=\"Gesch\u00e4tzte Lesezeit\" \/>\n\t<meta name=\"twitter:data1\" content=\"3\u00a0Minuten\" \/>\n<script type=\"application\/ld+json\" class=\"yoast-schema-graph\">{\"@context\":\"https:\\\/\\\/schema.org\",\"@graph\":[{\"@type\":\"WebPage\",\"@id\":\"https:\\\/\\\/test.egyptbookingonline.com\\\/destinations\\\/\",\"url\":\"https:\\\/\\\/test.egyptbookingonline.com\\\/destinations\\\/\",\"name\":\"Destinations - Egypt Booking Online\",\"isPartOf\":{\"@id\":\"https:\\\/\\\/test.egyptbookingonline.com\\\/#website\"},\"primaryImageOfPage\":{\"@id\":\"https:\\\/\\\/test.egyptbookingonline.com\\\/destinations\\\/#primaryimage\"},\"image\":{\"@id\":\"https:\\\/\\\/test.egyptbookingonline.com\\\/destinations\\\/#primaryimage\"},\"thumbnailUrl\":\"https:\\\/\\\/test.egyptbookingonline.com\\\/wp-content\\\/uploads\\\/2025\\\/11\\\/HurghadaPrivateCitySightseeingtourwithGuideandShoppingStops-1.jpg\",\"datePublished\":\"2025-12-06T16:25:54+00:00\",\"dateModified\":\"2026-05-10T09:44:12+00:00\",\"breadcrumb\":{\"@id\":\"https:\\\/\\\/test.egyptbookingonline.com\\\/destinations\\\/#breadcrumb\"},\"inLanguage\":\"de\",\"potentialAction\":[{\"@type\":\"ReadAction\",\"target\":[\"https:\\\/\\\/test.egyptbookingonline.com\\\/destinations\\\/\"]}]},{\"@type\":\"ImageObject\",\"inLanguage\":\"de\",\"@id\":\"https:\\\/\\\/test.egyptbookingonline.com\\\/destinations\\\/#primaryimage\",\"url\":\"https:\\\/\\\/test.egyptbookingonline.com\\\/wp-content\\\/uploads\\\/2025\\\/11\\\/HurghadaPrivateCitySightseeingtourwithGuideandShoppingStops-1.jpg\",\"contentUrl\":\"https:\\\/\\\/test.egyptbookingonline.com\\\/wp-content\\\/uploads\\\/2025\\\/11\\\/HurghadaPrivateCitySightseeingtourwithGuideandShoppingStops-1.jpg\"},{\"@type\":\"BreadcrumbList\",\"@id\":\"https:\\\/\\\/test.egyptbookingonline.com\\\/destinations\\\/#breadcrumb\",\"itemListElement\":[{\"@type\":\"ListItem\",\"position\":1,\"name\":\"Home\",\"item\":\"https:\\\/\\\/test.egyptbookingonline.com\\\/\"},{\"@type\":\"ListItem\",\"position\":2,\"name\":\"Destinations\"}]},{\"@type\":\"WebSite\",\"@id\":\"https:\\\/\\\/test.egyptbookingonline.com\\\/#website\",\"url\":\"https:\\\/\\\/test.egyptbookingonline.com\\\/\",\"name\":\"Hurghada Abeer\",\"description\":\"Egypt Booking Online offers exceptional Nile cruises, guided tours, Hotels and reliable transfers across Egypt. \",\"publisher\":{\"@id\":\"https:\\\/\\\/test.egyptbookingonline.com\\\/#organization\"},\"potentialAction\":[{\"@type\":\"SearchAction\",\"target\":{\"@type\":\"EntryPoint\",\"urlTemplate\":\"https:\\\/\\\/test.egyptbookingonline.com\\\/?s={search_term_string}\"},\"query-input\":{\"@type\":\"PropertyValueSpecification\",\"valueRequired\":true,\"valueName\":\"search_term_string\"}}],\"inLanguage\":\"de\"},{\"@type\":\"Organization\",\"@id\":\"https:\\\/\\\/test.egyptbookingonline.com\\\/#organization\",\"name\":\"Hurghada Abeer\",\"url\":\"https:\\\/\\\/test.egyptbookingonline.com\\\/\",\"logo\":{\"@type\":\"ImageObject\",\"inLanguage\":\"de\",\"@id\":\"https:\\\/\\\/test.egyptbookingonline.com\\\/#\\\/schema\\\/logo\\\/image\\\/\",\"url\":\"https:\\\/\\\/test.egyptbookingonline.com\\\/wp-content\\\/uploads\\\/2022\\\/05\\\/logo-2-1.png\",\"contentUrl\":\"https:\\\/\\\/test.egyptbookingonline.com\\\/wp-content\\\/uploads\\\/2022\\\/05\\\/logo-2-1.png\",\"width\":552,\"height\":434,\"caption\":\"Hurghada Abeer\"},\"image\":{\"@id\":\"https:\\\/\\\/test.egyptbookingonline.com\\\/#\\\/schema\\\/logo\\\/image\\\/\"},\"sameAs\":[\"https:\\\/\\\/www.facebook.com\\\/profile.php?id=61578852911007\",\"https:\\\/\\\/www.tiktok.com\\\/@hurghada.abeer.tours\",\"https:\\\/\\\/www.instagram.com\\\/hurghada_abeer_tours\\\/\"]}]}<\/script>\n<!-- \/ Yoast SEO plugin. -->","yoast_head_json":{"title":"Destinations - Egypt Booking Online","robots":{"index":"index","follow":"follow","max-snippet":"max-snippet:-1","max-image-preview":"max-image-preview:large","max-video-preview":"max-video-preview:-1"},"canonical":"https:\/\/test.egyptbookingonline.com\/de\/destinations\/","og_locale":"de_DE","og_type":"article","og_title":"Destinations - Egypt Booking Online","og_description":"Destinations Cairo | Luxor | Sahl Hasheesh | Marsa Alam | El Gouna | Hurghada | Egypt | Top destinations in egypt Egypt is a country of fascinating history and culture, attracting visitors from all over the world with its ancient monuments and unique civilization. The main attractions are the Pyramids of Giza, the Great [&hellip;]","og_url":"https:\/\/test.egyptbookingonline.com\/de\/destinations\/","og_site_name":"Egypt Booking Online","article_publisher":"https:\/\/www.facebook.com\/profile.php?id=61578852911007","article_modified_time":"2026-05-10T09:44:12+00:00","og_image":[{"url":"https:\/\/test.egyptbookingonline.com\/wp-content\/uploads\/2025\/11\/HurghadaPrivateCitySightseeingtourwithGuideandShoppingStops-1.jpg","type":"","width":"","height":""}],"twitter_card":"summary_large_image","twitter_misc":{"Gesch\u00e4tzte Lesezeit":"3\u00a0Minuten"},"schema":{"@context":"https:\/\/schema.org","@graph":[{"@type":"WebPage","@id":"https:\/\/test.egyptbookingonline.com\/destinations\/","url":"https:\/\/test.egyptbookingonline.com\/destinations\/","name":"Destinations - Egypt Booking Online","isPartOf":{"@id":"https:\/\/test.egyptbookingonline.com\/#website"},"primaryImageOfPage":{"@id":"https:\/\/test.egyptbookingonline.com\/destinations\/#primaryimage"},"image":{"@id":"https:\/\/test.egyptbookingonline.com\/destinations\/#primaryimage"},"thumbnailUrl":"https:\/\/test.egyptbookingonline.com\/wp-content\/uploads\/2025\/11\/HurghadaPrivateCitySightseeingtourwithGuideandShoppingStops-1.jpg","datePublished":"2025-12-06T16:25:54+00:00","dateModified":"2026-05-10T09:44:12+00:00","breadcrumb":{"@id":"https:\/\/test.egyptbookingonline.com\/destinations\/#breadcrumb"},"inLanguage":"de","potentialAction":[{"@type":"ReadAction","target":["https:\/\/test.egyptbookingonline.com\/destinations\/"]}]},{"@type":"ImageObject","inLanguage":"de","@id":"https:\/\/test.egyptbookingonline.com\/destinations\/#primaryimage","url":"https:\/\/test.egyptbookingonline.com\/wp-content\/uploads\/2025\/11\/HurghadaPrivateCitySightseeingtourwithGuideandShoppingStops-1.jpg","contentUrl":"https:\/\/test.egyptbookingonline.com\/wp-content\/uploads\/2025\/11\/HurghadaPrivateCitySightseeingtourwithGuideandShoppingStops-1.jpg"},{"@type":"BreadcrumbList","@id":"https:\/\/test.egyptbookingonline.com\/destinations\/#breadcrumb","itemListElement":[{"@type":"ListItem","position":1,"name":"Home","item":"https:\/\/test.egyptbookingonline.com\/"},{"@type":"ListItem","position":2,"name":"Destinations"}]},{"@type":"WebSite","@id":"https:\/\/test.egyptbookingonline.com\/#website","url":"https:\/\/test.egyptbookingonline.com\/","name":"Hurghada Abeer","description":"Egypt Booking Online bietet au\u00dfergew\u00f6hnliche Nilkreuzfahrten, gef\u00fchrte Touren, Hotels und zuverl\u00e4ssige Transfers in ganz \u00c4gypten.","publisher":{"@id":"https:\/\/test.egyptbookingonline.com\/#organization"},"potentialAction":[{"@type":"SearchAction","target":{"@type":"EntryPoint","urlTemplate":"https:\/\/test.egyptbookingonline.com\/?s={search_term_string}"},"query-input":{"@type":"PropertyValueSpecification","valueRequired":true,"valueName":"search_term_string"}}],"inLanguage":"de"},{"@type":"Organization","@id":"https:\/\/test.egyptbookingonline.com\/#organization","name":"Hurghada Abeer","url":"https:\/\/test.egyptbookingonline.com\/","logo":{"@type":"ImageObject","inLanguage":"de","@id":"https:\/\/test.egyptbookingonline.com\/#\/schema\/logo\/image\/","url":"https:\/\/test.egyptbookingonline.com\/wp-content\/uploads\/2022\/05\/logo-2-1.png","contentUrl":"https:\/\/test.egyptbookingonline.com\/wp-content\/uploads\/2022\/05\/logo-2-1.png","width":552,"height":434,"caption":"Hurghada Abeer"},"image":{"@id":"https:\/\/test.egyptbookingonline.com\/#\/schema\/logo\/image\/"},"sameAs":["https:\/\/www.facebook.com\/profile.php?id=61578852911007","https:\/\/www.tiktok.com\/@hurghada.abeer.tours","https:\/\/www.instagram.com\/hurghada_abeer_tours\/"]}]}},"_links":{"self":[{"href":"https:\/\/test.egyptbookingonline.com\/de\/wp-json\/wp\/v2\/pages\/15026","targetHints":{"allow":["GET"]}}],"collection":[{"href":"https:\/\/test.egyptbookingonline.com\/de\/wp-json\/wp\/v2\/pages"}],"about":[{"href":"https:\/\/test.egyptbookingonline.com\/de\/wp-json\/wp\/v2\/types\/page"}],"author":[{"embeddable":true,"href":"https:\/\/test.egyptbookingonline.com\/de\/wp-json\/wp\/v2\/users\/1"}],"replies":[{"embeddable":true,"href":"https:\/\/test.egyptbookingonline.com\/de\/wp-json\/wp\/v2\/comments?post=15026"}],"version-history":[{"count":16,"href":"https:\/\/test.egyptbookingonline.com\/de\/wp-json\/wp\/v2\/pages\/15026\/revisions"}],"predecessor-version":[{"id":15498,"href":"https:\/\/test.egyptbookingonline.com\/de\/wp-json\/wp\/v2\/pages\/15026\/revisions\/15498"}],"wp:attachment":[{"href":"https:\/\/test.egyptbookingonline.com\/de\/wp-json\/wp\/v2\/media?parent=15026"}],"curies":[{"name":"wp","href":"https:\/\/api.w.org\/{rel}","templated":true}]}}