{"id":314,"date":"2022-06-02T04:22:38","date_gmt":"2022-06-02T04:22:38","guid":{"rendered":"https:\/\/modactivity.travelerwp.com\/?page_id=314"},"modified":"2026-04-22T18:17:56","modified_gmt":"2026-04-22T18:17:56","slug":"faq","status":"publish","type":"page","link":"https:\/\/test.egyptbookingonline.com\/ro\/faq\/","title":{"rendered":"FAQ"},"content":{"rendered":"<div data-elementor-type=\"wp-page\" data-elementor-id=\"314\" class=\"elementor elementor-314\">\n\t\t\t\t\t\t<section class=\"elementor-section elementor-top-section elementor-element elementor-element-ce66df1 elementor-section-height-min-height elementor-section-boxed elementor-section-height-default elementor-section-items-middle\" data-id=\"ce66df1\" data-element_type=\"section\" data-e-type=\"section\" data-settings=\"{&quot;background_background&quot;:&quot;classic&quot;}\">\n\t\t\t\t\t\t\t<div class=\"elementor-background-overlay\"><\/div>\n\t\t\t\t\t\t\t<div class=\"elementor-container elementor-column-gap-default\">\n\t\t\t\t\t<div class=\"elementor-column elementor-col-100 elementor-top-column elementor-element elementor-element-5074194\" data-id=\"5074194\" data-element_type=\"column\" data-e-type=\"column\">\n\t\t\t<div class=\"elementor-widget-wrap elementor-element-populated\">\n\t\t\t\t\t\t<div class=\"elementor-element elementor-element-739f61d elementor-widget elementor-widget-heading\" data-id=\"739f61d\" data-element_type=\"widget\" data-e-type=\"widget\" data-widget_type=\"heading.default\">\n\t\t\t\t<div class=\"elementor-widget-container\">\n\t\t\t\t\t<h2 class=\"elementor-heading-title elementor-size-default\">Frequently Asked Questions<\/h2>\t\t\t\t<\/div>\n\t\t\t\t<\/div>\n\t\t\t\t\t<\/div>\n\t\t<\/div>\n\t\t\t\t\t<\/div>\n\t\t<\/section>\n\t\t\t\t<section class=\"elementor-section elementor-top-section elementor-element elementor-element-c499529 elementor-section-boxed elementor-section-height-default elementor-section-height-default\" data-id=\"c499529\" data-element_type=\"section\" data-e-type=\"section\">\n\t\t\t\t\t\t<div class=\"elementor-container elementor-column-gap-default\">\n\t\t\t\t\t<div class=\"elementor-column elementor-col-50 elementor-top-column elementor-element elementor-element-43391e8\" data-id=\"43391e8\" data-element_type=\"column\" data-e-type=\"column\">\n\t\t\t<div class=\"elementor-widget-wrap elementor-element-populated\">\n\t\t\t\t\t\t<div class=\"elementor-element elementor-element-27d43ad elementor-widget elementor-widget-image\" data-id=\"27d43ad\" data-element_type=\"widget\" data-e-type=\"widget\" data-widget_type=\"image.default\">\n\t\t\t\t<div class=\"elementor-widget-container\">\n\t\t\t\t\t\t\t\t\t\t\t\t\t\t\t<img fetchpriority=\"high\" decoding=\"async\" width=\"534\" height=\"400\" src=\"https:\/\/test.egyptbookingonline.com\/wp-content\/uploads\/2026\/04\/jht-faqs.webp\" class=\"attachment-full size-full wp-image-15256\" alt=\"\" srcset=\"https:\/\/test.egyptbookingonline.com\/wp-content\/uploads\/2026\/04\/jht-faqs.webp 534w, https:\/\/test.egyptbookingonline.com\/wp-content\/uploads\/2026\/04\/jht-faqs-768x575.webp 768w, https:\/\/test.egyptbookingonline.com\/wp-content\/uploads\/2026\/04\/jht-faqs-18x12.webp 18w, https:\/\/test.egyptbookingonline.com\/wp-content\/uploads\/2026\/04\/jht-faqs-600x449.webp 600w\" sizes=\"(max-width: 534px) 100vw, 534px\" \/>\t\t\t\t\t\t\t\t\t\t\t\t\t\t\t<\/div>\n\t\t\t\t<\/div>\n\t\t\t\t\t<\/div>\n\t\t<\/div>\n\t\t\t\t<div class=\"elementor-column elementor-col-50 elementor-top-column elementor-element elementor-element-056e493\" data-id=\"056e493\" data-element_type=\"column\" data-e-type=\"column\">\n\t\t\t<div class=\"elementor-widget-wrap elementor-element-populated\">\n\t\t\t\t\t\t<div class=\"elementor-element elementor-element-7fe45ea elementor-widget elementor-widget-heading\" data-id=\"7fe45ea\" data-element_type=\"widget\" data-e-type=\"widget\" data-widget_type=\"heading.default\">\n\t\t\t\t<div class=\"elementor-widget-container\">\n\t\t\t\t\t<h2 class=\"elementor-heading-title elementor-size-default\">Your Travel Questions \u2014 Answered<\/h2>\t\t\t\t<\/div>\n\t\t\t\t<\/div>\n\t\t\t\t<div class=\"elementor-element elementor-element-2fbee09 elementor-widget elementor-widget-st_faq\" data-id=\"2fbee09\" data-element_type=\"widget\" data-e-type=\"widget\" data-widget_type=\"st_faq.default\">\n\t\t\t\t<div class=\"elementor-widget-container\">\n\t\t\t\t\t    <div class=\"accordion faq-lib st-style1\" id=\"accordion_list_2fbee09\">\r\n                    <div class=\"accordion-item\">\r\n                <h2 class=\"accordion-header\" id=\"heading_1-how-do-i-book-a-tour-with-remoza-tours\">\r\n                    <button class=\"accordion-button   collapsed\" type=\"button\" data-bs-toggle=\"collapse\" data-bs-target=\"#st-1-how-do-i-book-a-tour-with-remoza-tours\" aria-expanded=\"false\" aria-controls=\"1-how-do-i-book-a-tour-with-remoza-tours\">\r\n                        <span class=\"label\">1. How do I book a tour with Remoza Tours?<\/span>\r\n                                                <i class=\"stt-icon\"><\/i>\r\n                    <\/button>\r\n                <\/h2>\r\n                <div id=\"st-1-how-do-i-book-a-tour-with-remoza-tours\" class=\"accordion-collapse collapse\" aria-labelledby=\"heading_1-how-do-i-book-a-tour-with-remoza-tours\" data-bs-parent=\"#accordion_list_2fbee09\">\r\n                    <div class=\"accordion-body\">\r\n                        Pute\u021bi face rezerv\u0103ri prin WhatsApp, e-mail, formulare online sau direct prin intermediul site-ului nostru web.                    <\/div>\r\n                <\/div>\r\n            <\/div>\r\n                    <div class=\"accordion-item\">\r\n                <h2 class=\"accordion-header\" id=\"heading_2-do-you-offer-private-tours\">\r\n                    <button class=\"accordion-button   collapsed\" type=\"button\" data-bs-toggle=\"collapse\" data-bs-target=\"#st-2-do-you-offer-private-tours\" aria-expanded=\"false\" aria-controls=\"2-do-you-offer-private-tours\">\r\n                        <span class=\"label\">2. Oferi\u021bi tururi private?<\/span>\r\n                                                <i class=\"stt-icon\"><\/i>\r\n                    <\/button>\r\n                <\/h2>\r\n                <div id=\"st-2-do-you-offer-private-tours\" class=\"accordion-collapse collapse\" aria-labelledby=\"heading_2-do-you-offer-private-tours\" data-bs-parent=\"#accordion_list_2fbee09\">\r\n                    <div class=\"accordion-body\">\r\n                        Da! Majoritatea excursiilor noastre sunt disponibile ca op\u021biuni private, semi-private sau de grup.                    <\/div>\r\n                <\/div>\r\n            <\/div>\r\n                    <div class=\"accordion-item\">\r\n                <h2 class=\"accordion-header\" id=\"heading_3-are-your-guides-licensed\">\r\n                    <button class=\"accordion-button   collapsed\" type=\"button\" data-bs-toggle=\"collapse\" data-bs-target=\"#st-3-are-your-guides-licensed\" aria-expanded=\"false\" aria-controls=\"3-are-your-guides-licensed\">\r\n                        <span class=\"label\">3. Ghizii dumneavoastr\u0103 au licen\u021b\u0103?<\/span>\r\n                                                <i class=\"stt-icon\"><\/i>\r\n                    <\/button>\r\n                <\/h2>\r\n                <div id=\"st-3-are-your-guides-licensed\" class=\"accordion-collapse collapse\" aria-labelledby=\"heading_3-are-your-guides-licensed\" data-bs-parent=\"#accordion_list_2fbee09\">\r\n                    <div class=\"accordion-body\">\r\n                        To\u021bi ghizii no\u0219tri sunt profesioni\u0219ti, autoriza\u021bi \u0219i multilingvi (englez\u0103, polonez\u0103, german\u0103, francez\u0103 \u0219i multe altele).                    <\/div>\r\n                <\/div>\r\n            <\/div>\r\n                    <div class=\"accordion-item\">\r\n                <h2 class=\"accordion-header\" id=\"heading_4-what-payment-methods-do-you-accept\">\r\n                    <button class=\"accordion-button   collapsed\" type=\"button\" data-bs-toggle=\"collapse\" data-bs-target=\"#st-4-what-payment-methods-do-you-accept\" aria-expanded=\"false\" aria-controls=\"4-what-payment-methods-do-you-accept\">\r\n                        <span class=\"label\">4. Ce metode de plat\u0103 accepta\u021bi?<\/span>\r\n                                                <i class=\"stt-icon\"><\/i>\r\n                    <\/button>\r\n                <\/h2>\r\n                <div id=\"st-4-what-payment-methods-do-you-accept\" class=\"accordion-collapse collapse\" aria-labelledby=\"heading_4-what-payment-methods-do-you-accept\" data-bs-parent=\"#accordion_list_2fbee09\">\r\n                    <div class=\"accordion-body\">\r\n                        Accept\u0103m numerar (EUR\/USD\/EGP), transferuri bancare \u0219i pl\u0103\u021bi online, \u00een func\u021bie de tur.                    <\/div>\r\n                <\/div>\r\n            <\/div>\r\n                    <div class=\"accordion-item\">\r\n                <h2 class=\"accordion-header\" id=\"heading_5-is-transportation-included\">\r\n                    <button class=\"accordion-button   collapsed\" type=\"button\" data-bs-toggle=\"collapse\" data-bs-target=\"#st-5-is-transportation-included\" aria-expanded=\"false\" aria-controls=\"5-is-transportation-included\">\r\n                        <span class=\"label\">5. Este inclus transportul?<\/span>\r\n                                                <i class=\"stt-icon\"><\/i>\r\n                    <\/button>\r\n                <\/h2>\r\n                <div id=\"st-5-is-transportation-included\" class=\"accordion-collapse collapse\" aria-labelledby=\"heading_5-is-transportation-included\" data-bs-parent=\"#accordion_list_2fbee09\">\r\n                    <div class=\"accordion-body\">\r\n                        Da \u2014 toate tururile includ preluarea \u0219i returul de la hotel.                    <\/div>\r\n                <\/div>\r\n            <\/div>\r\n                    <div class=\"accordion-item\">\r\n                <h2 class=\"accordion-header\" id=\"heading_6-are-your-excursions-safe-for-children\">\r\n                    <button class=\"accordion-button   collapsed\" type=\"button\" data-bs-toggle=\"collapse\" data-bs-target=\"#st-6-are-your-excursions-safe-for-children\" aria-expanded=\"false\" aria-controls=\"6-are-your-excursions-safe-for-children\">\r\n                        <span class=\"label\">6. Sunt excursiile dumneavoastr\u0103 sigure pentru copii?<\/span>\r\n                                                <i class=\"stt-icon\"><\/i>\r\n                    <\/button>\r\n                <\/h2>\r\n                <div id=\"st-6-are-your-excursions-safe-for-children\" class=\"accordion-collapse collapse\" aria-labelledby=\"heading_6-are-your-excursions-safe-for-children\" data-bs-parent=\"#accordion_list_2fbee09\">\r\n                    <div class=\"accordion-body\">\r\n                        Absolut. Multe excursii sunt potrivite pentru familii \u0219i concepute pentru toate v\u00e2rstele.                    <\/div>\r\n                <\/div>\r\n            <\/div>\r\n                    <div class=\"accordion-item\">\r\n                <h2 class=\"accordion-header\" id=\"heading_7-what-should-i-bring-on-a-snorkeling-tour\">\r\n                    <button class=\"accordion-button   collapsed\" type=\"button\" data-bs-toggle=\"collapse\" data-bs-target=\"#st-7-what-should-i-bring-on-a-snorkeling-tour\" aria-expanded=\"false\" aria-controls=\"7-what-should-i-bring-on-a-snorkeling-tour\">\r\n                        <span class=\"label\">7. Ce ar trebui s\u0103 iau cu mine \u00eentr-un tur de snorkeling?<\/span>\r\n                                                <i class=\"stt-icon\"><\/i>\r\n                    <\/button>\r\n                <\/h2>\r\n                <div id=\"st-7-what-should-i-bring-on-a-snorkeling-tour\" class=\"accordion-collapse collapse\" aria-labelledby=\"heading_7-what-should-i-bring-on-a-snorkeling-tour\" data-bs-parent=\"#accordion_list_2fbee09\">\r\n                    <div class=\"accordion-body\">\r\n                        Costum de baie, prosop, crem\u0103 de protec\u021bie solar\u0103 \u0219i entuziasmul t\u0103u! Echipamentul este inclus.                    <\/div>\r\n                <\/div>\r\n            <\/div>\r\n                    <div class=\"accordion-item\">\r\n                <h2 class=\"accordion-header\" id=\"heading_8-do-you-offer-discounts-for-groups\">\r\n                    <button class=\"accordion-button   collapsed\" type=\"button\" data-bs-toggle=\"collapse\" data-bs-target=\"#st-8-do-you-offer-discounts-for-groups\" aria-expanded=\"false\" aria-controls=\"8-do-you-offer-discounts-for-groups\">\r\n                        <span class=\"label\">8. Oferi\u021bi reduceri pentru grupuri?<\/span>\r\n                                                <i class=\"stt-icon\"><\/i>\r\n                    <\/button>\r\n                <\/h2>\r\n                <div id=\"st-8-do-you-offer-discounts-for-groups\" class=\"accordion-collapse collapse\" aria-labelledby=\"heading_8-do-you-offer-discounts-for-groups\" data-bs-parent=\"#accordion_list_2fbee09\">\r\n                    <div class=\"accordion-body\">\r\n                        Da \u2014 sunt disponibile pre\u021buri speciale pentru familii, grupuri mari \u0219i agen\u021bii de turism.                    <\/div>\r\n                <\/div>\r\n            <\/div>\r\n                    <div class=\"accordion-item\">\r\n                <h2 class=\"accordion-header\" id=\"heading_9-can-you-customize-tours\">\r\n                    <button class=\"accordion-button   collapsed\" type=\"button\" data-bs-toggle=\"collapse\" data-bs-target=\"#st-9-can-you-customize-tours\" aria-expanded=\"false\" aria-controls=\"9-can-you-customize-tours\">\r\n                        <span class=\"label\">9. Pute\u021bi personaliza tururile?<\/span>\r\n                                                <i class=\"stt-icon\"><\/i>\r\n                    <\/button>\r\n                <\/h2>\r\n                <div id=\"st-9-can-you-customize-tours\" class=\"accordion-collapse collapse\" aria-labelledby=\"heading_9-can-you-customize-tours\" data-bs-parent=\"#accordion_list_2fbee09\">\r\n                    <div class=\"accordion-body\">\r\n                        Desigur! Putem concepe programe personalizate la cerere.                    <\/div>\r\n                <\/div>\r\n            <\/div>\r\n                    <div class=\"accordion-item\">\r\n                <h2 class=\"accordion-header\" id=\"heading_10-what-happens-if-the-weather-is-bad\">\r\n                    <button class=\"accordion-button   collapsed\" type=\"button\" data-bs-toggle=\"collapse\" data-bs-target=\"#st-10-what-happens-if-the-weather-is-bad\" aria-expanded=\"false\" aria-controls=\"10-what-happens-if-the-weather-is-bad\">\r\n                        <span class=\"label\">10. Ce se \u00eent\u00e2mpl\u0103 dac\u0103 vremea este rea?<\/span>\r\n                                                <i class=\"stt-icon\"><\/i>\r\n                    <\/button>\r\n                <\/h2>\r\n                <div id=\"st-10-what-happens-if-the-weather-is-bad\" class=\"accordion-collapse collapse\" aria-labelledby=\"heading_10-what-happens-if-the-weather-is-bad\" data-bs-parent=\"#accordion_list_2fbee09\">\r\n                    <div class=\"accordion-body\">\r\n                        Siguran\u021ba dumneavoastr\u0103 este prioritatea noastr\u0103. Dac\u0103 o c\u0103l\u0103torie este anulat\u0103, o reprogram\u0103m sau o ramburs\u0103m.                    <\/div>\r\n                <\/div>\r\n            <\/div>\r\n            <\/div>\r\n\t\t\t\t<\/div>\n\t\t\t\t<\/div>\n\t\t\t\t\t<\/div>\n\t\t<\/div>\n\t\t\t\t\t<\/div>\n\t\t<\/section>\n\t\t\t\t<\/div>","protected":false},"excerpt":{"rendered":"<p>Frequently Asked Questions Your Travel Questions \u2014 Answered 1. How do I book a tour with Remoza Tours? You can book via WhatsApp, email, online forms, or directly through our website. 2. Do you offer private tours? Yes! Most of our trips are available as private, semi-private, or group options. 3. Are your guides licensed? [&hellip;]<\/p>\n","protected":false},"author":2,"featured_media":0,"parent":0,"menu_order":0,"comment_status":"closed","ping_status":"closed","template":"template-blank.php","meta":{"footnotes":""},"class_list":["post-314","page","type-page","status-publish","has-post-thumbnail","hentry"],"yoast_head":"<!-- This site is optimized with the Yoast SEO plugin v27.6 - https:\/\/yoast.com\/product\/yoast-seo-wordpress\/ -->\n<title>FAQ - Egypt Booking Online<\/title>\n<meta name=\"robots\" content=\"index, follow, max-snippet:-1, max-image-preview:large, max-video-preview:-1\" \/>\n<link rel=\"canonical\" href=\"https:\/\/test.egyptbookingonline.com\/ro\/faq\/\" \/>\n<meta property=\"og:locale\" content=\"ro_RO\" \/>\n<meta property=\"og:type\" content=\"article\" \/>\n<meta property=\"og:title\" content=\"FAQ - Egypt Booking Online\" \/>\n<meta property=\"og:description\" content=\"Frequently Asked Questions Your Travel Questions \u2014 Answered 1. How do I book a tour with Remoza Tours? You can book via WhatsApp, email, online forms, or directly through our website. 2. Do you offer private tours? Yes! Most of our trips are available as private, semi-private, or group options. 3. Are your guides licensed? [&hellip;]\" \/>\n<meta property=\"og:url\" content=\"https:\/\/test.egyptbookingonline.com\/ro\/faq\/\" \/>\n<meta property=\"og:site_name\" content=\"Egypt Booking Online\" \/>\n<meta property=\"article:publisher\" content=\"https:\/\/www.facebook.com\/profile.php?id=61578852911007\" \/>\n<meta property=\"article:modified_time\" content=\"2026-04-22T18:17:56+00:00\" \/>\n<meta property=\"og:image\" content=\"https:\/\/test.egyptbookingonline.com\/wp-content\/uploads\/2026\/04\/jht-faqs.webp\" \/>\n\t<meta property=\"og:image:width\" content=\"534\" \/>\n\t<meta property=\"og:image:height\" content=\"400\" \/>\n\t<meta property=\"og:image:type\" content=\"image\/webp\" \/>\n<meta name=\"twitter:card\" content=\"summary_large_image\" \/>\n<meta name=\"twitter:label1\" content=\"Timp estimat pentru citire\" \/>\n\t<meta name=\"twitter:data1\" content=\"2 minute\" \/>\n<script type=\"application\/ld+json\" class=\"yoast-schema-graph\">{\"@context\":\"https:\\\/\\\/schema.org\",\"@graph\":[{\"@type\":\"WebPage\",\"@id\":\"https:\\\/\\\/test.egyptbookingonline.com\\\/faq\\\/\",\"url\":\"https:\\\/\\\/test.egyptbookingonline.com\\\/faq\\\/\",\"name\":\"FAQ - Egypt Booking Online\",\"isPartOf\":{\"@id\":\"https:\\\/\\\/test.egyptbookingonline.com\\\/#website\"},\"primaryImageOfPage\":{\"@id\":\"https:\\\/\\\/test.egyptbookingonline.com\\\/faq\\\/#primaryimage\"},\"image\":{\"@id\":\"https:\\\/\\\/test.egyptbookingonline.com\\\/faq\\\/#primaryimage\"},\"thumbnailUrl\":\"https:\\\/\\\/test.egyptbookingonline.com\\\/wp-content\\\/uploads\\\/2026\\\/04\\\/jht-faqs.webp\",\"datePublished\":\"2022-06-02T04:22:38+00:00\",\"dateModified\":\"2026-04-22T18:17:56+00:00\",\"breadcrumb\":{\"@id\":\"https:\\\/\\\/test.egyptbookingonline.com\\\/faq\\\/#breadcrumb\"},\"inLanguage\":\"ro-RO\",\"potentialAction\":[{\"@type\":\"ReadAction\",\"target\":[\"https:\\\/\\\/test.egyptbookingonline.com\\\/faq\\\/\"]}]},{\"@type\":\"ImageObject\",\"inLanguage\":\"ro-RO\",\"@id\":\"https:\\\/\\\/test.egyptbookingonline.com\\\/faq\\\/#primaryimage\",\"url\":\"https:\\\/\\\/test.egyptbookingonline.com\\\/wp-content\\\/uploads\\\/2026\\\/04\\\/jht-faqs.webp\",\"contentUrl\":\"https:\\\/\\\/test.egyptbookingonline.com\\\/wp-content\\\/uploads\\\/2026\\\/04\\\/jht-faqs.webp\"},{\"@type\":\"BreadcrumbList\",\"@id\":\"https:\\\/\\\/test.egyptbookingonline.com\\\/faq\\\/#breadcrumb\",\"itemListElement\":[{\"@type\":\"ListItem\",\"position\":1,\"name\":\"Home\",\"item\":\"https:\\\/\\\/test.egyptbookingonline.com\\\/\"},{\"@type\":\"ListItem\",\"position\":2,\"name\":\"FAQ\"}]},{\"@type\":\"WebSite\",\"@id\":\"https:\\\/\\\/test.egyptbookingonline.com\\\/#website\",\"url\":\"https:\\\/\\\/test.egyptbookingonline.com\\\/\",\"name\":\"Hurghada Abeer\",\"description\":\"Egypt Booking Online offers exceptional Nile cruises, guided tours, Hotels and reliable transfers across Egypt. \",\"publisher\":{\"@id\":\"https:\\\/\\\/test.egyptbookingonline.com\\\/#organization\"},\"potentialAction\":[{\"@type\":\"SearchAction\",\"target\":{\"@type\":\"EntryPoint\",\"urlTemplate\":\"https:\\\/\\\/test.egyptbookingonline.com\\\/?s={search_term_string}\"},\"query-input\":{\"@type\":\"PropertyValueSpecification\",\"valueRequired\":true,\"valueName\":\"search_term_string\"}}],\"inLanguage\":\"ro-RO\"},{\"@type\":\"Organization\",\"@id\":\"https:\\\/\\\/test.egyptbookingonline.com\\\/#organization\",\"name\":\"Hurghada Abeer\",\"url\":\"https:\\\/\\\/test.egyptbookingonline.com\\\/\",\"logo\":{\"@type\":\"ImageObject\",\"inLanguage\":\"ro-RO\",\"@id\":\"https:\\\/\\\/test.egyptbookingonline.com\\\/#\\\/schema\\\/logo\\\/image\\\/\",\"url\":\"https:\\\/\\\/test.egyptbookingonline.com\\\/wp-content\\\/uploads\\\/2022\\\/05\\\/logo-2-1.png\",\"contentUrl\":\"https:\\\/\\\/test.egyptbookingonline.com\\\/wp-content\\\/uploads\\\/2022\\\/05\\\/logo-2-1.png\",\"width\":552,\"height\":434,\"caption\":\"Hurghada Abeer\"},\"image\":{\"@id\":\"https:\\\/\\\/test.egyptbookingonline.com\\\/#\\\/schema\\\/logo\\\/image\\\/\"},\"sameAs\":[\"https:\\\/\\\/www.facebook.com\\\/profile.php?id=61578852911007\",\"https:\\\/\\\/www.tiktok.com\\\/@hurghada.abeer.tours\",\"https:\\\/\\\/www.instagram.com\\\/hurghada_abeer_tours\\\/\"]}]}<\/script>\n<!-- \/ Yoast SEO plugin. -->","yoast_head_json":{"title":"FAQ - Egypt Booking Online","robots":{"index":"index","follow":"follow","max-snippet":"max-snippet:-1","max-image-preview":"max-image-preview:large","max-video-preview":"max-video-preview:-1"},"canonical":"https:\/\/test.egyptbookingonline.com\/ro\/faq\/","og_locale":"ro_RO","og_type":"article","og_title":"FAQ - Egypt Booking Online","og_description":"Frequently Asked Questions Your Travel Questions \u2014 Answered 1. How do I book a tour with Remoza Tours? You can book via WhatsApp, email, online forms, or directly through our website. 2. Do you offer private tours? Yes! Most of our trips are available as private, semi-private, or group options. 3. Are your guides licensed? [&hellip;]","og_url":"https:\/\/test.egyptbookingonline.com\/ro\/faq\/","og_site_name":"Egypt Booking Online","article_publisher":"https:\/\/www.facebook.com\/profile.php?id=61578852911007","article_modified_time":"2026-04-22T18:17:56+00:00","og_image":[{"width":534,"height":400,"url":"https:\/\/test.egyptbookingonline.com\/wp-content\/uploads\/2026\/04\/jht-faqs.webp","type":"image\/webp"}],"twitter_card":"summary_large_image","twitter_misc":{"Timp estimat pentru citire":"2 minute"},"schema":{"@context":"https:\/\/schema.org","@graph":[{"@type":"WebPage","@id":"https:\/\/test.egyptbookingonline.com\/faq\/","url":"https:\/\/test.egyptbookingonline.com\/faq\/","name":"FAQ - Egypt Booking Online","isPartOf":{"@id":"https:\/\/test.egyptbookingonline.com\/#website"},"primaryImageOfPage":{"@id":"https:\/\/test.egyptbookingonline.com\/faq\/#primaryimage"},"image":{"@id":"https:\/\/test.egyptbookingonline.com\/faq\/#primaryimage"},"thumbnailUrl":"https:\/\/test.egyptbookingonline.com\/wp-content\/uploads\/2026\/04\/jht-faqs.webp","datePublished":"2022-06-02T04:22:38+00:00","dateModified":"2026-04-22T18:17:56+00:00","breadcrumb":{"@id":"https:\/\/test.egyptbookingonline.com\/faq\/#breadcrumb"},"inLanguage":"ro-RO","potentialAction":[{"@type":"ReadAction","target":["https:\/\/test.egyptbookingonline.com\/faq\/"]}]},{"@type":"ImageObject","inLanguage":"ro-RO","@id":"https:\/\/test.egyptbookingonline.com\/faq\/#primaryimage","url":"https:\/\/test.egyptbookingonline.com\/wp-content\/uploads\/2026\/04\/jht-faqs.webp","contentUrl":"https:\/\/test.egyptbookingonline.com\/wp-content\/uploads\/2026\/04\/jht-faqs.webp"},{"@type":"BreadcrumbList","@id":"https:\/\/test.egyptbookingonline.com\/faq\/#breadcrumb","itemListElement":[{"@type":"ListItem","position":1,"name":"Home","item":"https:\/\/test.egyptbookingonline.com\/"},{"@type":"ListItem","position":2,"name":"FAQ"}]},{"@type":"WebSite","@id":"https:\/\/test.egyptbookingonline.com\/#website","url":"https:\/\/test.egyptbookingonline.com\/","name":"Hurghada Abeer","description":"Egypt Booking Online ofer\u0103 croaziere excep\u021bionale pe Nil, tururi ghidate, hoteluri \u0219i transferuri fiabile \u00een tot Egiptul.","publisher":{"@id":"https:\/\/test.egyptbookingonline.com\/#organization"},"potentialAction":[{"@type":"SearchAction","target":{"@type":"EntryPoint","urlTemplate":"https:\/\/test.egyptbookingonline.com\/?s={search_term_string}"},"query-input":{"@type":"PropertyValueSpecification","valueRequired":true,"valueName":"search_term_string"}}],"inLanguage":"ro-RO"},{"@type":"Organization","@id":"https:\/\/test.egyptbookingonline.com\/#organization","name":"Hurghada Abeer","url":"https:\/\/test.egyptbookingonline.com\/","logo":{"@type":"ImageObject","inLanguage":"ro-RO","@id":"https:\/\/test.egyptbookingonline.com\/#\/schema\/logo\/image\/","url":"https:\/\/test.egyptbookingonline.com\/wp-content\/uploads\/2022\/05\/logo-2-1.png","contentUrl":"https:\/\/test.egyptbookingonline.com\/wp-content\/uploads\/2022\/05\/logo-2-1.png","width":552,"height":434,"caption":"Hurghada Abeer"},"image":{"@id":"https:\/\/test.egyptbookingonline.com\/#\/schema\/logo\/image\/"},"sameAs":["https:\/\/www.facebook.com\/profile.php?id=61578852911007","https:\/\/www.tiktok.com\/@hurghada.abeer.tours","https:\/\/www.instagram.com\/hurghada_abeer_tours\/"]}]}},"_links":{"self":[{"href":"https:\/\/test.egyptbookingonline.com\/ro\/wp-json\/wp\/v2\/pages\/314","targetHints":{"allow":["GET"]}}],"collection":[{"href":"https:\/\/test.egyptbookingonline.com\/ro\/wp-json\/wp\/v2\/pages"}],"about":[{"href":"https:\/\/test.egyptbookingonline.com\/ro\/wp-json\/wp\/v2\/types\/page"}],"author":[{"embeddable":true,"href":"https:\/\/test.egyptbookingonline.com\/ro\/wp-json\/wp\/v2\/users\/2"}],"replies":[{"embeddable":true,"href":"https:\/\/test.egyptbookingonline.com\/ro\/wp-json\/wp\/v2\/comments?post=314"}],"version-history":[{"count":21,"href":"https:\/\/test.egyptbookingonline.com\/ro\/wp-json\/wp\/v2\/pages\/314\/revisions"}],"predecessor-version":[{"id":15365,"href":"https:\/\/test.egyptbookingonline.com\/ro\/wp-json\/wp\/v2\/pages\/314\/revisions\/15365"}],"wp:attachment":[{"href":"https:\/\/test.egyptbookingonline.com\/ro\/wp-json\/wp\/v2\/media?parent=314"}],"curies":[{"name":"wp","href":"https:\/\/api.w.org\/{rel}","templated":true}]}}